{"id":389,"date":"2025-05-24T06:45:59","date_gmt":"2025-05-24T02:45:59","guid":{"rendered":"https:\/\/pbutronwinery.cl\/butronqa\/?page_id=389"},"modified":"2025-08-01T01:40:17","modified_gmt":"2025-07-31T21:40:17","slug":"vino-embotellado","status":"publish","type":"page","link":"https:\/\/pbutronwinery.cl\/index.php\/vino-embotellado\/","title":{"rendered":"Vino Embotellado"},"content":{"rendered":"\t\t<div data-elementor-type=\"wp-page\" data-elementor-id=\"389\" class=\"elementor elementor-389\" data-elementor-post-type=\"page\">\n\t\t\t\t<div class=\"elementor-element elementor-element-9901720 e-con-full e-flex e-con e-parent\" data-id=\"9901720\" data-element_type=\"container\" data-settings=\"{&quot;background_background&quot;:&quot;classic&quot;}\">\n\t\t<div class=\"elementor-element elementor-element-0dd041d e-con-full e-flex e-con e-child\" data-id=\"0dd041d\" data-element_type=\"container\" data-settings=\"{&quot;background_background&quot;:&quot;classic&quot;}\">\n\t\t\t\t<div class=\"elementor-element elementor-element-79eaa8b elementor-widget elementor-widget-hfe-breadcrumbs-widget\" data-id=\"79eaa8b\" data-element_type=\"widget\" data-widget_type=\"hfe-breadcrumbs-widget.default\">\n\t\t\t\t<div class=\"elementor-widget-container\">\n\t\t\t\t\t<nav aria-label=\"Breadcrumb\"><ul class=\"hfe-breadcrumbs hfe-breadcrumbs-show-home\"><li class=\"hfe-breadcrumbs-item hfe-breadcrumbs-first\"><span class=\"hfe-breadcrumbs-home-icon\"><\/span><a href=\"https:\/\/pbutronwinery.cl\"><span class=\"hfe-breadcrumbs-text\">Inicio<\/span><\/a><\/li><\/ul><\/nav>\t\t\t\t<\/div>\n\t\t\t\t<\/div>\n\t\t\t\t<div class=\"elementor-element elementor-element-a0b291a elementor-widget elementor-widget-heading\" data-id=\"a0b291a\" data-element_type=\"widget\" data-widget_type=\"heading.default\">\n\t\t\t\t<div class=\"elementor-widget-container\">\n\t\t\t\t\t<h1 class=\"elementor-heading-title elementor-size-default\">Vino embotellado<\/h1>\t\t\t\t<\/div>\n\t\t\t\t<\/div>\n\t\t\t\t<div class=\"elementor-element elementor-element-0d6b77a elementor-widget elementor-widget-text-editor\" data-id=\"0d6b77a\" data-element_type=\"widget\" data-widget_type=\"text-editor.default\">\n\t\t\t\t<div class=\"elementor-widget-container\">\n\t\t\t\t\t\t\t\t\t<p>Nuestros vinos embotellados llevan la esencia de nuestra vi\u00f1a al mundo, combinando tradici\u00f3n, calidad y car\u00e1cter en cada botella que cruza fronteras.<\/p>\t\t\t\t\t\t\t\t<\/div>\n\t\t\t\t<\/div>\n\t\t\t\t<\/div>\n\t\t\t\t<\/div>\n\t\t\t\t<section class=\"elementor-section elementor-top-section elementor-element elementor-element-1faaf66 elementor-section-boxed elementor-section-height-default elementor-section-height-default\" data-id=\"1faaf66\" data-element_type=\"section\" data-settings=\"{&quot;background_background&quot;:&quot;classic&quot;}\">\n\t\t\t\t\t\t<div class=\"elementor-container elementor-column-gap-default\">\n\t\t\t\t\t<div class=\"elementor-column elementor-col-50 elementor-top-column elementor-element elementor-element-b211134\" data-id=\"b211134\" data-element_type=\"column\">\n\t\t\t<div class=\"elementor-widget-wrap elementor-element-populated\">\n\t\t\t\t\t\t<div class=\"elementor-element elementor-element-2cf8b70 elementor-widget elementor-widget-heading\" data-id=\"2cf8b70\" data-element_type=\"widget\" data-widget_type=\"heading.default\">\n\t\t\t\t<div class=\"elementor-widget-container\">\n\t\t\t\t\t<h2 class=\"elementor-heading-title elementor-size-default\">Nuestras l\u00edneas de embotellados<\/h2>\t\t\t\t<\/div>\n\t\t\t\t<\/div>\n\t\t\t\t<div class=\"elementor-element elementor-element-3ff9534 elementor-widget-divider--view-line elementor-invisible elementor-widget elementor-widget-divider\" data-id=\"3ff9534\" data-element_type=\"widget\" data-settings=\"{&quot;_animation&quot;:&quot;fadeInUp&quot;}\" data-widget_type=\"divider.default\">\n\t\t\t\t<div class=\"elementor-widget-container\">\n\t\t\t\t\t\t\t<div class=\"elementor-divider\">\n\t\t\t<span class=\"elementor-divider-separator\">\n\t\t\t\t\t\t<\/span>\n\t\t<\/div>\n\t\t\t\t\t\t<\/div>\n\t\t\t\t<\/div>\n\t\t\t\t\t<\/div>\n\t\t<\/div>\n\t\t\t\t<div class=\"elementor-column elementor-col-50 elementor-top-column elementor-element elementor-element-67b0c8e\" data-id=\"67b0c8e\" data-element_type=\"column\">\n\t\t\t<div class=\"elementor-widget-wrap elementor-element-populated\">\n\t\t\t\t\t\t<div class=\"elementor-element elementor-element-79f4564 elementor-widget elementor-widget-text-editor\" data-id=\"79f4564\" data-element_type=\"widget\" data-widget_type=\"text-editor.default\">\n\t\t\t\t<div class=\"elementor-widget-container\">\n\t\t\t\t\t\t\t\t\t<p>Adem\u00e1s de nuestros vinos a granel, desarrollamos nuestras marcas embotelladas, fruto del mismo cuidado y convicci\u00f3n.<\/p>\t\t\t\t\t\t\t\t<\/div>\n\t\t\t\t<\/div>\n\t\t\t\t<div class=\"elementor-element elementor-element-0d0eba2 elementor-widget elementor-widget-spacer\" data-id=\"0d0eba2\" data-element_type=\"widget\" data-widget_type=\"spacer.default\">\n\t\t\t\t<div class=\"elementor-widget-container\">\n\t\t\t\t\t\t\t<div class=\"elementor-spacer\">\n\t\t\t<div class=\"elementor-spacer-inner\"><\/div>\n\t\t<\/div>\n\t\t\t\t\t\t<\/div>\n\t\t\t\t<\/div>\n\t\t\t\t<section class=\"elementor-section elementor-inner-section elementor-element elementor-element-914d4dc elementor-section-boxed elementor-section-height-default elementor-section-height-default\" data-id=\"914d4dc\" data-element_type=\"section\">\n\t\t\t\t\t\t<div class=\"elementor-container elementor-column-gap-no\">\n\t\t\t\t\t<div class=\"elementor-column elementor-col-50 elementor-inner-column elementor-element elementor-element-8a5fda2\" data-id=\"8a5fda2\" data-element_type=\"column\">\n\t\t\t<div class=\"elementor-widget-wrap elementor-element-populated\">\n\t\t\t\t\t\t<div class=\"elementor-element elementor-element-322bea5 elementor-widget elementor-widget-image\" data-id=\"322bea5\" data-element_type=\"widget\" data-widget_type=\"image.default\">\n\t\t\t\t<div class=\"elementor-widget-container\">\n\t\t\t\t\t\t\t\t\t\t\t\t\t\t\t\t<a href=\"https:\/\/pbutronwinery.cl\/butronqa\/index.php\/linea-mornarca\/\">\n\t\t\t\t\t\t\t<img decoding=\"async\" width=\"120\" height=\"300\" src=\"https:\/\/pbutronwinery.cl\/butronqa\/wp-content\/uploads\/2025\/05\/Monarca-Merlot-Varietal-120x300.jpg\" class=\"elementor-animation-hang attachment-medium size-medium wp-image-419\" alt=\"L\u00ednea Monarca \/ Merlot Varietal\" srcset=\"https:\/\/pbutronwinery.cl\/butronqa\/wp-content\/uploads\/2025\/05\/Monarca-Merlot-Varietal-120x300.jpg 120w, https:\/\/pbutronwinery.cl\/butronqa\/wp-content\/uploads\/2025\/05\/Monarca-Merlot-Varietal.jpg 140w\" sizes=\"(max-width: 120px) 100vw, 120px\" \/>\t\t\t\t\t\t\t\t<\/a>\n\t\t\t\t\t\t\t\t\t\t\t\t\t\t\t<\/div>\n\t\t\t\t<\/div>\n\t\t\t\t<div class=\"elementor-element elementor-element-04418a3 elementor-align-center elementor-widget elementor-widget-button\" data-id=\"04418a3\" data-element_type=\"widget\" data-widget_type=\"button.default\">\n\t\t\t\t<div class=\"elementor-widget-container\">\n\t\t\t\t\t\t\t\t\t<div class=\"elementor-button-wrapper\">\n\t\t\t\t\t<a class=\"elementor-button elementor-button-link elementor-size-sm\" href=\"https:\/\/pbutronwinery.cl\/index.php\/linea-mornarca\/\">\n\t\t\t\t\t\t<span class=\"elementor-button-content-wrapper\">\n\t\t\t\t\t\t<span class=\"elementor-button-icon\">\n\t\t\t\t<i aria-hidden=\"true\" class=\"xlwpf wppb-font-right-arrow\"><\/i>\t\t\t<\/span>\n\t\t\t\t\t\t\t\t\t<span class=\"elementor-button-text\">L\u00ednea Monarca<\/span>\n\t\t\t\t\t<\/span>\n\t\t\t\t\t<\/a>\n\t\t\t\t<\/div>\n\t\t\t\t\t\t\t\t<\/div>\n\t\t\t\t<\/div>\n\t\t\t\t\t<\/div>\n\t\t<\/div>\n\t\t\t\t<div class=\"elementor-column elementor-col-50 elementor-inner-column elementor-element elementor-element-e82412c\" data-id=\"e82412c\" data-element_type=\"column\">\n\t\t\t<div class=\"elementor-widget-wrap elementor-element-populated\">\n\t\t\t\t\t\t<div class=\"elementor-element elementor-element-12bedc5 elementor-widget elementor-widget-image\" data-id=\"12bedc5\" data-element_type=\"widget\" data-widget_type=\"image.default\">\n\t\t\t\t<div class=\"elementor-widget-container\">\n\t\t\t\t\t\t\t\t\t\t\t\t\t\t\t\t<a href=\"https:\/\/pbutronwinery.cl\/butronqa\/index.php\/ayelen\/\">\n\t\t\t\t\t\t\t<img decoding=\"async\" width=\"120\" height=\"300\" src=\"https:\/\/pbutronwinery.cl\/butronqa\/wp-content\/uploads\/2025\/05\/Ayelen-Sauvignon-Blanc-Varietal-120x300.jpg\" class=\"elementor-animation-hang attachment-medium size-medium wp-image-437\" alt=\"L\u00ednea Ayel\u00e9n \/ Sauvignon Blanc Varietal\" srcset=\"https:\/\/pbutronwinery.cl\/butronqa\/wp-content\/uploads\/2025\/05\/Ayelen-Sauvignon-Blanc-Varietal-120x300.jpg 120w, https:\/\/pbutronwinery.cl\/butronqa\/wp-content\/uploads\/2025\/05\/Ayelen-Sauvignon-Blanc-Varietal.jpg 140w\" sizes=\"(max-width: 120px) 100vw, 120px\" \/>\t\t\t\t\t\t\t\t<\/a>\n\t\t\t\t\t\t\t\t\t\t\t\t\t\t\t<\/div>\n\t\t\t\t<\/div>\n\t\t\t\t<div class=\"elementor-element elementor-element-2953c78 elementor-align-center elementor-widget elementor-widget-button\" data-id=\"2953c78\" data-element_type=\"widget\" data-widget_type=\"button.default\">\n\t\t\t\t<div class=\"elementor-widget-container\">\n\t\t\t\t\t\t\t\t\t<div class=\"elementor-button-wrapper\">\n\t\t\t\t\t<a class=\"elementor-button elementor-button-link elementor-size-sm\" href=\"https:\/\/pbutronwinery.cl\/index.php\/ayelen\/\">\n\t\t\t\t\t\t<span class=\"elementor-button-content-wrapper\">\n\t\t\t\t\t\t<span class=\"elementor-button-icon\">\n\t\t\t\t<i aria-hidden=\"true\" class=\"lnr lnr-arrow-right\"><\/i>\t\t\t<\/span>\n\t\t\t\t\t\t\t\t\t<span class=\"elementor-button-text\">L\u00ednea Ayelen<\/span>\n\t\t\t\t\t<\/span>\n\t\t\t\t\t<\/a>\n\t\t\t\t<\/div>\n\t\t\t\t\t\t\t\t<\/div>\n\t\t\t\t<\/div>\n\t\t\t\t\t<\/div>\n\t\t<\/div>\n\t\t\t\t\t<\/div>\n\t\t<\/section>\n\t\t\t\t\t<\/div>\n\t\t<\/div>\n\t\t\t\t\t<\/div>\n\t\t<\/section>\n\t\t<div class=\"elementor-element elementor-element-19a91de e-flex e-con-boxed e-con e-parent\" data-id=\"19a91de\" data-element_type=\"container\" data-settings=\"{&quot;background_background&quot;:&quot;classic&quot;}\">\n\t\t\t\t\t<div class=\"e-con-inner\">\n\t\t<div class=\"elementor-element elementor-element-50e8618 e-con-full e-flex e-con e-child\" data-id=\"50e8618\" data-element_type=\"container\" data-settings=\"{&quot;background_background&quot;:&quot;classic&quot;}\">\n\t\t\t\t<div class=\"elementor-element elementor-element-197fffe elementor-widget elementor-widget-text-editor\" data-id=\"197fffe\" data-element_type=\"widget\" data-widget_type=\"text-editor.default\">\n\t\t\t\t<div class=\"elementor-widget-container\">\n\t\t\t\t\t\t\t\t\t<h1>La producci\u00f3n de vino es una herencia familiar que refleja nuestro compromiso con la excelencia y la calidad.<\/h1>\t\t\t\t\t\t\t\t<\/div>\n\t\t\t\t<\/div>\n\t\t\t\t<\/div>\n\t\t\t\t\t<\/div>\n\t\t\t\t<\/div>\n\t\t\t\t<\/div>\n\t\t","protected":false},"excerpt":{"rendered":"<p>Inicio Vino embotellado Nuestros vinos embotellados llevan la esencia de nuestra vi\u00f1a al mundo, combinando tradici\u00f3n, calidad y car\u00e1cter en cada botella que cruza fronteras. Nuestras l\u00edneas de embotellados Adem\u00e1s de nuestros vinos a granel, desarrollamos nuestras marcas embotelladas, fruto del mismo cuidado y convicci\u00f3n. L\u00ednea Monarca L\u00ednea Ayelen La producci\u00f3n de vino es una [&hellip;]<\/p>\n","protected":false},"author":1,"featured_media":0,"parent":0,"menu_order":0,"comment_status":"closed","ping_status":"closed","template":"elementor_header_footer","meta":{"footnotes":""},"class_list":["post-389","page","type-page","status-publish","hentry"],"_links":{"self":[{"href":"https:\/\/pbutronwinery.cl\/index.php\/wp-json\/wp\/v2\/pages\/389","targetHints":{"allow":["GET"]}}],"collection":[{"href":"https:\/\/pbutronwinery.cl\/index.php\/wp-json\/wp\/v2\/pages"}],"about":[{"href":"https:\/\/pbutronwinery.cl\/index.php\/wp-json\/wp\/v2\/types\/page"}],"author":[{"embeddable":true,"href":"https:\/\/pbutronwinery.cl\/index.php\/wp-json\/wp\/v2\/users\/1"}],"replies":[{"embeddable":true,"href":"https:\/\/pbutronwinery.cl\/index.php\/wp-json\/wp\/v2\/comments?post=389"}],"version-history":[{"count":7,"href":"https:\/\/pbutronwinery.cl\/index.php\/wp-json\/wp\/v2\/pages\/389\/revisions"}],"predecessor-version":[{"id":3335,"href":"https:\/\/pbutronwinery.cl\/index.php\/wp-json\/wp\/v2\/pages\/389\/revisions\/3335"}],"wp:attachment":[{"href":"https:\/\/pbutronwinery.cl\/index.php\/wp-json\/wp\/v2\/media?parent=389"}],"curies":[{"name":"wp","href":"https:\/\/api.w.org\/{rel}","templated":true}]}}