{"id":336,"date":"2025-05-24T05:22:12","date_gmt":"2025-05-24T01:22:12","guid":{"rendered":"https:\/\/pbutronwinery.cl\/butronqa\/?page_id=336"},"modified":"2025-08-14T19:01:21","modified_gmt":"2025-08-14T15:01:21","slug":"certificaciones","status":"publish","type":"page","link":"https:\/\/pbutronwinery.cl\/index.php\/certificaciones\/","title":{"rendered":"Certificaciones"},"content":{"rendered":"\t\t<div data-elementor-type=\"wp-page\" data-elementor-id=\"336\" class=\"elementor elementor-336\" data-elementor-post-type=\"page\">\n\t\t\t\t<div class=\"elementor-element elementor-element-cabd3ce e-con-full e-flex e-con e-parent\" data-id=\"cabd3ce\" data-element_type=\"container\" data-settings=\"{&quot;background_background&quot;:&quot;classic&quot;}\">\n\t\t<div class=\"elementor-element elementor-element-9613505 e-con-full e-flex e-con e-child\" data-id=\"9613505\" data-element_type=\"container\" data-settings=\"{&quot;background_background&quot;:&quot;classic&quot;}\">\n\t\t\t\t<div class=\"elementor-element elementor-element-3a43010 elementor-widget elementor-widget-hfe-breadcrumbs-widget\" data-id=\"3a43010\" data-element_type=\"widget\" data-widget_type=\"hfe-breadcrumbs-widget.default\">\n\t\t\t\t<div class=\"elementor-widget-container\">\n\t\t\t\t\t<nav aria-label=\"Breadcrumb\"><ul class=\"hfe-breadcrumbs hfe-breadcrumbs-show-home\"><li class=\"hfe-breadcrumbs-item hfe-breadcrumbs-first\"><span class=\"hfe-breadcrumbs-home-icon\"><\/span><a href=\"https:\/\/pbutronwinery.cl\"><span class=\"hfe-breadcrumbs-text\">Inicio<\/span><\/a><\/li><\/ul><\/nav>\t\t\t\t<\/div>\n\t\t\t\t<\/div>\n\t\t\t\t<div class=\"elementor-element elementor-element-bc28b0b elementor-widget elementor-widget-heading\" data-id=\"bc28b0b\" data-element_type=\"widget\" data-widget_type=\"heading.default\">\n\t\t\t\t<div class=\"elementor-widget-container\">\n\t\t\t\t\t<h1 class=\"elementor-heading-title elementor-size-default\">Certificaciones<\/h1>\t\t\t\t<\/div>\n\t\t\t\t<\/div>\n\t\t\t\t<div class=\"elementor-element elementor-element-e832ea4 elementor-widget elementor-widget-text-editor\" data-id=\"e832ea4\" data-element_type=\"widget\" data-widget_type=\"text-editor.default\">\n\t\t\t\t<div class=\"elementor-widget-container\">\n\t\t\t\t\t\t\t\t\t<p>Como vi\u00f1a certificada en sustentabilidad, nos comprometemos a establecer y cumplir metas anuales que incluyen reducci\u00f3n del consumo h\u00eddrico y energ\u00e9tico, mejoras ambientales y bienestar para nuestros trabajadores y comunidades cercanas.<\/p>\t\t\t\t\t\t\t\t<\/div>\n\t\t\t\t<\/div>\n\t\t\t\t<\/div>\n\t\t\t\t<\/div>\n\t\t\t\t<section class=\"elementor-section elementor-top-section elementor-element elementor-element-b0876ac elementor-section-boxed elementor-section-height-default elementor-section-height-default\" data-id=\"b0876ac\" data-element_type=\"section\" data-settings=\"{&quot;background_background&quot;:&quot;classic&quot;}\">\n\t\t\t\t\t\t<div class=\"elementor-container elementor-column-gap-default\">\n\t\t\t\t\t<div class=\"elementor-column elementor-col-50 elementor-top-column elementor-element elementor-element-8dacfbd\" data-id=\"8dacfbd\" data-element_type=\"column\">\n\t\t\t<div class=\"elementor-widget-wrap elementor-element-populated\">\n\t\t\t\t\t\t<div class=\"elementor-element elementor-element-5a5afec elementor-widget elementor-widget-heading\" data-id=\"5a5afec\" data-element_type=\"widget\" data-widget_type=\"heading.default\">\n\t\t\t\t<div class=\"elementor-widget-container\">\n\t\t\t\t\t<h2 class=\"elementor-heading-title elementor-size-default\">Nuestras certificaciones<\/h2>\t\t\t\t<\/div>\n\t\t\t\t<\/div>\n\t\t\t\t<div class=\"elementor-element elementor-element-80b060a elementor-widget-divider--view-line elementor-invisible elementor-widget elementor-widget-divider\" data-id=\"80b060a\" data-element_type=\"widget\" data-settings=\"{&quot;_animation&quot;:&quot;fadeInUp&quot;}\" data-widget_type=\"divider.default\">\n\t\t\t\t<div class=\"elementor-widget-container\">\n\t\t\t\t\t\t\t<div class=\"elementor-divider\">\n\t\t\t<span class=\"elementor-divider-separator\">\n\t\t\t\t\t\t<\/span>\n\t\t<\/div>\n\t\t\t\t\t\t<\/div>\n\t\t\t\t<\/div>\n\t\t\t\t\t<\/div>\n\t\t<\/div>\n\t\t\t\t<div class=\"elementor-column elementor-col-50 elementor-top-column elementor-element elementor-element-75b3cd5\" data-id=\"75b3cd5\" data-element_type=\"column\">\n\t\t\t<div class=\"elementor-widget-wrap elementor-element-populated\">\n\t\t\t\t\t\t<div class=\"elementor-element elementor-element-1b7305d elementor-widget elementor-widget-text-editor\" data-id=\"1b7305d\" data-element_type=\"widget\" data-widget_type=\"text-editor.default\">\n\t\t\t\t<div class=\"elementor-widget-container\">\n\t\t\t\t\t\t\t\t\t<p><span style=\"white-space-collapse: preserve;\">Nuestro enfoque sustentable atraviesa todo el proceso productivo, integrando pr\u00e1cticas responsables tanto en el cuidado del medioambiente como en el uso eficiente de los recursos.<\/span><\/p>\t\t\t\t\t\t\t\t<\/div>\n\t\t\t\t<\/div>\n\t\t\t\t<div class=\"elementor-element elementor-element-32830ab elementor-widget elementor-widget-spacer\" data-id=\"32830ab\" data-element_type=\"widget\" data-widget_type=\"spacer.default\">\n\t\t\t\t<div class=\"elementor-widget-container\">\n\t\t\t\t\t\t\t<div class=\"elementor-spacer\">\n\t\t\t<div class=\"elementor-spacer-inner\"><\/div>\n\t\t<\/div>\n\t\t\t\t\t\t<\/div>\n\t\t\t\t<\/div>\n\t\t\t\t<section class=\"elementor-section elementor-inner-section elementor-element elementor-element-a562b91 elementor-section-boxed elementor-section-height-default elementor-section-height-default\" data-id=\"a562b91\" data-element_type=\"section\">\n\t\t\t\t\t\t<div class=\"elementor-container elementor-column-gap-no\">\n\t\t\t\t\t<div class=\"elementor-column elementor-col-50 elementor-inner-column elementor-element elementor-element-24c93ce\" data-id=\"24c93ce\" data-element_type=\"column\">\n\t\t\t<div class=\"elementor-widget-wrap elementor-element-populated\">\n\t\t\t\t\t\t<div class=\"elementor-element elementor-element-25dc385 elementor-widget elementor-widget-image\" data-id=\"25dc385\" data-element_type=\"widget\" data-widget_type=\"image.default\">\n\t\t\t\t<div class=\"elementor-widget-container\">\n\t\t\t\t\t\t\t\t\t\t\t\t\t\t\t<img fetchpriority=\"high\" decoding=\"async\" width=\"768\" height=\"253\" src=\"https:\/\/pbutronwinery.cl\/butronqa\/wp-content\/uploads\/2025\/06\/Logo-CS-vinos-dorado-768x253.png\" class=\"attachment-medium_large size-medium_large wp-image-2145\" alt=\"\" srcset=\"https:\/\/pbutronwinery.cl\/butronqa\/wp-content\/uploads\/2025\/06\/Logo-CS-vinos-dorado-768x253.png 768w, https:\/\/pbutronwinery.cl\/butronqa\/wp-content\/uploads\/2025\/06\/Logo-CS-vinos-dorado-300x99.png 300w, https:\/\/pbutronwinery.cl\/butronqa\/wp-content\/uploads\/2025\/06\/Logo-CS-vinos-dorado-1024x338.png 1024w, https:\/\/pbutronwinery.cl\/butronqa\/wp-content\/uploads\/2025\/06\/Logo-CS-vinos-dorado-1536x507.png 1536w, https:\/\/pbutronwinery.cl\/butronqa\/wp-content\/uploads\/2025\/06\/Logo-CS-vinos-dorado-2048x675.png 2048w, https:\/\/pbutronwinery.cl\/butronqa\/wp-content\/uploads\/2025\/06\/Logo-CS-vinos-dorado-600x198.png 600w\" sizes=\"(max-width: 768px) 100vw, 768px\" \/>\t\t\t\t\t\t\t\t\t\t\t\t\t\t\t<\/div>\n\t\t\t\t<\/div>\n\t\t\t\t<div class=\"elementor-element elementor-element-a836bb0 elementor-widget elementor-widget-heading\" data-id=\"a836bb0\" data-element_type=\"widget\" data-widget_type=\"heading.default\">\n\t\t\t\t<div class=\"elementor-widget-container\">\n\t\t\t\t\t<h3 class=\"elementor-heading-title elementor-size-default\">Certificaci\u00f3n de sustentabilidad<\/h3>\t\t\t\t<\/div>\n\t\t\t\t<\/div>\n\t\t\t\t<div class=\"elementor-element elementor-element-42adfbc elementor-widget elementor-widget-button\" data-id=\"42adfbc\" data-element_type=\"widget\" data-widget_type=\"button.default\">\n\t\t\t\t<div class=\"elementor-widget-container\">\n\t\t\t\t\t\t\t\t\t<div class=\"elementor-button-wrapper\">\n\t\t\t\t\t<a class=\"elementor-button elementor-button-link elementor-size-sm\" href=\"https:\/\/pbutronwinery.cl\/butronqa\/wp-content\/uploads\/2025\/05\/2025_CSV_PATRICIO-BUTRON_ES.pdf\">\n\t\t\t\t\t\t<span class=\"elementor-button-content-wrapper\">\n\t\t\t\t\t\t<span class=\"elementor-button-icon\">\n\t\t\t\t<svg aria-hidden=\"true\" class=\"e-font-icon-svg e-fas-download\" viewBox=\"0 0 512 512\" xmlns=\"http:\/\/www.w3.org\/2000\/svg\"><path d=\"M216 0h80c13.3 0 24 10.7 24 24v168h87.7c17.8 0 26.7 21.5 14.1 34.1L269.7 378.3c-7.5 7.5-19.8 7.5-27.3 0L90.1 226.1c-12.6-12.6-3.7-34.1 14.1-34.1H192V24c0-13.3 10.7-24 24-24zm296 376v112c0 13.3-10.7 24-24 24H24c-13.3 0-24-10.7-24-24V376c0-13.3 10.7-24 24-24h146.7l49 49c20.1 20.1 52.5 20.1 72.6 0l49-49H488c13.3 0 24 10.7 24 24zm-124 88c0-11-9-20-20-20s-20 9-20 20 9 20 20 20 20-9 20-20zm64 0c0-11-9-20-20-20s-20 9-20 20 9 20 20 20 20-9 20-20z\"><\/path><\/svg>\t\t\t<\/span>\n\t\t\t\t\t\t\t\t\t<span class=\"elementor-button-text\">Descargar certificaci\u00f3n<\/span>\n\t\t\t\t\t<\/span>\n\t\t\t\t\t<\/a>\n\t\t\t\t<\/div>\n\t\t\t\t\t\t\t\t<\/div>\n\t\t\t\t<\/div>\n\t\t\t\t\t<\/div>\n\t\t<\/div>\n\t\t\t\t<div class=\"elementor-column elementor-col-50 elementor-inner-column elementor-element elementor-element-369f497\" data-id=\"369f497\" data-element_type=\"column\">\n\t\t\t<div class=\"elementor-widget-wrap elementor-element-populated\">\n\t\t\t\t\t\t<div class=\"elementor-element elementor-element-d3b38fe elementor-widget elementor-widget-image\" data-id=\"d3b38fe\" data-element_type=\"widget\" data-widget_type=\"image.default\">\n\t\t\t\t<div class=\"elementor-widget-container\">\n\t\t\t\t\t\t\t\t\t\t\t\t\t\t\t<img decoding=\"async\" src=\"https:\/\/pbutronwinery.cl\/butronqa\/wp-content\/uploads\/elementor\/thumbs\/f7fe951a7be31ea69ee64512e85913a8-r69hn6gi1nxetsv9wd6tq1exy8zpwcorqa02b6on9s.png\" title=\"logo-ifs\" alt=\"Certificaci\u00f3n IFS\" loading=\"lazy\" \/>\t\t\t\t\t\t\t\t\t\t\t\t\t\t\t<\/div>\n\t\t\t\t<\/div>\n\t\t\t\t<div class=\"elementor-element elementor-element-1c9cb7f elementor-widget elementor-widget-heading\" data-id=\"1c9cb7f\" data-element_type=\"widget\" data-widget_type=\"heading.default\">\n\t\t\t\t<div class=\"elementor-widget-container\">\n\t\t\t\t\t<h3 class=\"elementor-heading-title elementor-size-default\">Certificaci\u00f3n IFS<\/h3>\t\t\t\t<\/div>\n\t\t\t\t<\/div>\n\t\t\t\t<div class=\"elementor-element elementor-element-ff1f2a6 elementor-widget elementor-widget-button\" data-id=\"ff1f2a6\" data-element_type=\"widget\" data-widget_type=\"button.default\">\n\t\t\t\t<div class=\"elementor-widget-container\">\n\t\t\t\t\t\t\t\t\t<div class=\"elementor-button-wrapper\">\n\t\t\t\t\t<a class=\"elementor-button elementor-button-link elementor-size-sm\" href=\"https:\/\/pbutronwinery.cl\/butronqa\/wp-content\/uploads\/2025\/08\/Database_2025_Certificate_HACCP_CXC-1-1969_2020_Exportadora-Y-Comercializadora-Vinedos-Patricio-Butron_Chile_ESP_RF.pdf\">\n\t\t\t\t\t\t<span class=\"elementor-button-content-wrapper\">\n\t\t\t\t\t\t<span class=\"elementor-button-icon\">\n\t\t\t\t<svg aria-hidden=\"true\" class=\"e-font-icon-svg e-fas-download\" viewBox=\"0 0 512 512\" xmlns=\"http:\/\/www.w3.org\/2000\/svg\"><path d=\"M216 0h80c13.3 0 24 10.7 24 24v168h87.7c17.8 0 26.7 21.5 14.1 34.1L269.7 378.3c-7.5 7.5-19.8 7.5-27.3 0L90.1 226.1c-12.6-12.6-3.7-34.1 14.1-34.1H192V24c0-13.3 10.7-24 24-24zm296 376v112c0 13.3-10.7 24-24 24H24c-13.3 0-24-10.7-24-24V376c0-13.3 10.7-24 24-24h146.7l49 49c20.1 20.1 52.5 20.1 72.6 0l49-49H488c13.3 0 24 10.7 24 24zm-124 88c0-11-9-20-20-20s-20 9-20 20 9 20 20 20 20-9 20-20zm64 0c0-11-9-20-20-20s-20 9-20 20 9 20 20 20 20-9 20-20z\"><\/path><\/svg>\t\t\t<\/span>\n\t\t\t\t\t\t\t\t\t<span class=\"elementor-button-text\">Descargar certificaci\u00f3n <\/span>\n\t\t\t\t\t<\/span>\n\t\t\t\t\t<\/a>\n\t\t\t\t<\/div>\n\t\t\t\t\t\t\t\t<\/div>\n\t\t\t\t<\/div>\n\t\t\t\t\t<\/div>\n\t\t<\/div>\n\t\t\t\t\t<\/div>\n\t\t<\/section>\n\t\t\t\t<section class=\"elementor-section elementor-inner-section elementor-element elementor-element-64dedf6 elementor-section-boxed elementor-section-height-default elementor-section-height-default\" data-id=\"64dedf6\" data-element_type=\"section\">\n\t\t\t\t\t\t<div class=\"elementor-container elementor-column-gap-no\">\n\t\t\t\t\t<div class=\"elementor-column elementor-col-100 elementor-inner-column elementor-element elementor-element-dc4961b\" data-id=\"dc4961b\" data-element_type=\"column\">\n\t\t\t<div class=\"elementor-widget-wrap\">\n\t\t\t\t\t\t\t<\/div>\n\t\t<\/div>\n\t\t\t\t\t<\/div>\n\t\t<\/section>\n\t\t\t\t\t<\/div>\n\t\t<\/div>\n\t\t\t\t\t<\/div>\n\t\t<\/section>\n\t\t\t\t<\/div>\n\t\t","protected":false},"excerpt":{"rendered":"<p>Inicio Certificaciones Como vi\u00f1a certificada en sustentabilidad, nos comprometemos a establecer y cumplir metas anuales que incluyen reducci\u00f3n del consumo h\u00eddrico y energ\u00e9tico, mejoras ambientales y bienestar para nuestros trabajadores y comunidades cercanas. Nuestras certificaciones Nuestro enfoque sustentable atraviesa todo el proceso productivo, integrando pr\u00e1cticas responsables tanto en el cuidado del medioambiente como en el [&hellip;]<\/p>\n","protected":false},"author":1,"featured_media":0,"parent":0,"menu_order":0,"comment_status":"closed","ping_status":"closed","template":"","meta":{"footnotes":""},"class_list":["post-336","page","type-page","status-publish","hentry"],"_links":{"self":[{"href":"https:\/\/pbutronwinery.cl\/index.php\/wp-json\/wp\/v2\/pages\/336","targetHints":{"allow":["GET"]}}],"collection":[{"href":"https:\/\/pbutronwinery.cl\/index.php\/wp-json\/wp\/v2\/pages"}],"about":[{"href":"https:\/\/pbutronwinery.cl\/index.php\/wp-json\/wp\/v2\/types\/page"}],"author":[{"embeddable":true,"href":"https:\/\/pbutronwinery.cl\/index.php\/wp-json\/wp\/v2\/users\/1"}],"replies":[{"embeddable":true,"href":"https:\/\/pbutronwinery.cl\/index.php\/wp-json\/wp\/v2\/comments?post=336"}],"version-history":[{"count":19,"href":"https:\/\/pbutronwinery.cl\/index.php\/wp-json\/wp\/v2\/pages\/336\/revisions"}],"predecessor-version":[{"id":3383,"href":"https:\/\/pbutronwinery.cl\/index.php\/wp-json\/wp\/v2\/pages\/336\/revisions\/3383"}],"wp:attachment":[{"href":"https:\/\/pbutronwinery.cl\/index.php\/wp-json\/wp\/v2\/media?parent=336"}],"curies":[{"name":"wp","href":"https:\/\/api.w.org\/{rel}","templated":true}]}}