{"id":202,"date":"2025-05-24T03:08:48","date_gmt":"2025-05-23T23:08:48","guid":{"rendered":"https:\/\/pbutronwinery.cl\/butronqa\/?page_id=202"},"modified":"2025-08-01T00:10:52","modified_gmt":"2025-07-31T20:10:52","slug":"elementor-pagina-202","status":"publish","type":"page","link":"https:\/\/pbutronwinery.cl\/index.php\/elementor-pagina-202\/","title":{"rendered":"Nuestra historia"},"content":{"rendered":"\t\t<div data-elementor-type=\"wp-page\" data-elementor-id=\"202\" class=\"elementor elementor-202\" data-elementor-post-type=\"page\">\n\t\t\t\t<div class=\"elementor-element elementor-element-ba2c1d2 e-con-full e-flex e-con e-parent\" data-id=\"ba2c1d2\" data-element_type=\"container\" data-settings=\"{&quot;background_background&quot;:&quot;classic&quot;}\">\n\t\t<div class=\"elementor-element elementor-element-9b40728 e-con-full e-flex e-con e-child\" data-id=\"9b40728\" data-element_type=\"container\" data-settings=\"{&quot;background_background&quot;:&quot;classic&quot;}\">\n\t\t\t\t<div class=\"elementor-element elementor-element-fbaee13 elementor-widget elementor-widget-hfe-breadcrumbs-widget\" data-id=\"fbaee13\" data-element_type=\"widget\" data-widget_type=\"hfe-breadcrumbs-widget.default\">\n\t\t\t\t<div class=\"elementor-widget-container\">\n\t\t\t\t\t<nav aria-label=\"Breadcrumb\"><ul class=\"hfe-breadcrumbs hfe-breadcrumbs-show-home\"><li class=\"hfe-breadcrumbs-item hfe-breadcrumbs-first\"><span class=\"hfe-breadcrumbs-home-icon\"><\/span><a href=\"https:\/\/pbutronwinery.cl\"><span class=\"hfe-breadcrumbs-text\">Inicio<\/span><\/a><\/li><\/ul><\/nav>\t\t\t\t<\/div>\n\t\t\t\t<\/div>\n\t\t\t\t<div class=\"elementor-element elementor-element-ad88b5b elementor-widget elementor-widget-heading\" data-id=\"ad88b5b\" data-element_type=\"widget\" data-widget_type=\"heading.default\">\n\t\t\t\t<div class=\"elementor-widget-container\">\n\t\t\t\t\t<h1 class=\"elementor-heading-title elementor-size-default\">Nuestra historia<\/h1>\t\t\t\t<\/div>\n\t\t\t\t<\/div>\n\t\t\t\t<div class=\"elementor-element elementor-element-5e2a883 elementor-widget elementor-widget-text-editor\" data-id=\"5e2a883\" data-element_type=\"widget\" data-widget_type=\"text-editor.default\">\n\t\t\t\t<div class=\"elementor-widget-container\">\n\t\t\t\t\t\t\t\t\t<p><span style=\"white-space-collapse: preserve;\">Desde nuestras ra\u00edces en el Valle Cachapoal (Valle Central), llevamos m\u00e1s de un siglo cultivando la pasi\u00f3n por el vino.<\/span><\/p>\t\t\t\t\t\t\t\t<\/div>\n\t\t\t\t<\/div>\n\t\t\t\t<\/div>\n\t\t\t\t<\/div>\n\t\t\t\t<section class=\"elementor-section elementor-top-section elementor-element elementor-element-ahabpo6 elementor-section-content-middle elementor-reverse-mobile elementor-section-boxed elementor-section-height-default elementor-section-height-default\" data-id=\"ahabpo6\" data-element_type=\"section\" data-settings=\"{&quot;background_background&quot;:&quot;classic&quot;}\">\n\t\t\t\t\t\t\t<div class=\"elementor-background-overlay\"><\/div>\n\t\t\t\t\t\t\t<div class=\"elementor-container elementor-column-gap-no\">\n\t\t\t\t\t<div class=\"elementor-column elementor-col-50 elementor-top-column elementor-element elementor-element-0c36485\" data-id=\"0c36485\" data-element_type=\"column\">\n\t\t\t<div class=\"elementor-widget-wrap elementor-element-populated\">\n\t\t\t\t\t\t<div class=\"elementor-element elementor-element-2e8f409 elementor-widget elementor-widget-heading\" data-id=\"2e8f409\" data-element_type=\"widget\" data-widget_type=\"heading.default\">\n\t\t\t\t<div class=\"elementor-widget-container\">\n\t\t\t\t\t<h2 class=\"elementor-heading-title elementor-size-default\">Nuestra Historia<\/h2>\t\t\t\t<\/div>\n\t\t\t\t<\/div>\n\t\t\t\t<div class=\"elementor-element elementor-element-9bca288 elementor-widget elementor-widget-text-editor\" data-id=\"9bca288\" data-element_type=\"widget\" data-widget_type=\"text-editor.default\">\n\t\t\t\t<div class=\"elementor-widget-container\">\n\t\t\t\t\t\t\t\t\t<p><b>C\u00f3mo comenz\u00f3 nuestra historia.<\/b><\/p>\t\t\t\t\t\t\t\t<\/div>\n\t\t\t\t<\/div>\n\t\t\t\t<div class=\"elementor-element elementor-element-e9ebc9b elementor-widget elementor-widget-text-editor\" data-id=\"e9ebc9b\" data-element_type=\"widget\" data-widget_type=\"text-editor.default\">\n\t\t\t\t<div class=\"elementor-widget-container\">\n\t\t\t\t\t\t\t\t\t<p><span style=\"white-space-collapse: preserve;\">Todo comenz\u00f3 a principios del siglo XX, cuando nuestro abuelo, Francisco Butr\u00f3n, lleg\u00f3 desde Espa\u00f1a y se estableci\u00f3 en Chile, espec\u00edficamente en el Valle Cachapoal. Con esfuerzo y dedicaci\u00f3n, plant\u00f3 las primeras vides que dar\u00edan origen a una tradici\u00f3n familiar que hoy, tres generaciones despu\u00e9s, seguimos honrando con orgullo.<\/span><\/p><p><span style=\"white-space-collapse: preserve;\">A lo largo de los a\u00f1os, hemos combinado la experiencia transmitida por nuestros antepasados con las t\u00e9cnicas modernas de vinificaci\u00f3n. Esta fusi\u00f3n nos ha permitido producir vinos finos que reflejan tanto la riqueza de nuestro terroir como el compromiso de nuestra familia con la calidad y la excelencia. Cada botella que elaboramos es el resultado de un proceso cuidadoso y apasionado, donde controlamos cada etapa, desde el cultivo de las uvas hasta la exportaci\u00f3n de nuestros vinos. Esta integraci\u00f3n vertical nos permite garantizar la calidad y autenticidad de nuestros productos, llevando lo mejor de Chile al mundo.<\/span><\/p>\t\t\t\t\t\t\t\t<\/div>\n\t\t\t\t<\/div>\n\t\t\t\t\t<\/div>\n\t\t<\/div>\n\t\t\t\t<div class=\"elementor-column elementor-col-50 elementor-top-column elementor-element elementor-element-26fcf8e\" data-id=\"26fcf8e\" data-element_type=\"column\">\n\t\t\t<div class=\"elementor-widget-wrap elementor-element-populated\">\n\t\t\t\t\t\t<div class=\"elementor-element elementor-element-ff4cfca elementor-widget elementor-widget-image\" data-id=\"ff4cfca\" data-element_type=\"widget\" data-widget_type=\"image.default\">\n\t\t\t\t<div class=\"elementor-widget-container\">\n\t\t\t\t\t\t\t\t\t\t\t\t\t\t\t<img decoding=\"async\" src=\"https:\/\/pbutronwinery.cl\/butronqa\/wp-content\/uploads\/elementor\/thumbs\/VINA.BUTRON2025.0095-scaled-r68wt7y3sirrrxyiwyuodzgurmnqncvevithfp648w.jpg\" title=\"VIN\u0303A.BUTRON2025.0095\" alt=\"VIN\u0303A.BUTRON2025.0095\" loading=\"lazy\" \/>\t\t\t\t\t\t\t\t\t\t\t\t\t\t\t<\/div>\n\t\t\t\t<\/div>\n\t\t\t\t\t<\/div>\n\t\t<\/div>\n\t\t\t\t\t<\/div>\n\t\t<\/section>\n\t\t<div class=\"elementor-element elementor-element-aa044fa e-flex e-con-boxed e-con e-parent\" data-id=\"aa044fa\" data-element_type=\"container\" data-settings=\"{&quot;background_background&quot;:&quot;classic&quot;}\">\n\t\t\t\t\t<div class=\"e-con-inner\">\n\t\t<div class=\"elementor-element elementor-element-170a49f e-con-full e-flex e-con e-child\" data-id=\"170a49f\" data-element_type=\"container\" data-settings=\"{&quot;background_background&quot;:&quot;classic&quot;}\">\n\t\t\t\t<div class=\"elementor-element elementor-element-d22d190 elementor-widget elementor-widget-text-editor\" data-id=\"d22d190\" data-element_type=\"widget\" data-widget_type=\"text-editor.default\">\n\t\t\t\t<div class=\"elementor-widget-container\">\n\t\t\t\t\t\t\t\t\t<p><span style=\"white-space-collapse: preserve;\">Nuestra historia no se cuenta en a\u00f1os, se saborea en cada copa: tres generaciones que han hecho del vino su vida.<\/span><\/p>\t\t\t\t\t\t\t\t<\/div>\n\t\t\t\t<\/div>\n\t\t\t\t<\/div>\n\t\t\t\t\t<\/div>\n\t\t\t\t<\/div>\n\t\t\t\t<\/div>\n\t\t","protected":false},"excerpt":{"rendered":"<p>Inicio Nuestra historia Desde nuestras ra\u00edces en el Valle Cachapoal (Valle Central), llevamos m\u00e1s de un siglo cultivando la pasi\u00f3n por el vino. Nuestra Historia C\u00f3mo comenz\u00f3 nuestra historia. Todo comenz\u00f3 a principios del siglo XX, cuando nuestro abuelo, Francisco Butr\u00f3n, lleg\u00f3 desde Espa\u00f1a y se estableci\u00f3 en Chile, espec\u00edficamente en el Valle Cachapoal. Con [&hellip;]<\/p>\n","protected":false},"author":1,"featured_media":0,"parent":0,"menu_order":0,"comment_status":"closed","ping_status":"closed","template":"elementor_header_footer","meta":{"footnotes":""},"class_list":["post-202","page","type-page","status-publish","hentry"],"_links":{"self":[{"href":"https:\/\/pbutronwinery.cl\/index.php\/wp-json\/wp\/v2\/pages\/202","targetHints":{"allow":["GET"]}}],"collection":[{"href":"https:\/\/pbutronwinery.cl\/index.php\/wp-json\/wp\/v2\/pages"}],"about":[{"href":"https:\/\/pbutronwinery.cl\/index.php\/wp-json\/wp\/v2\/types\/page"}],"author":[{"embeddable":true,"href":"https:\/\/pbutronwinery.cl\/index.php\/wp-json\/wp\/v2\/users\/1"}],"replies":[{"embeddable":true,"href":"https:\/\/pbutronwinery.cl\/index.php\/wp-json\/wp\/v2\/comments?post=202"}],"version-history":[{"count":7,"href":"https:\/\/pbutronwinery.cl\/index.php\/wp-json\/wp\/v2\/pages\/202\/revisions"}],"predecessor-version":[{"id":3318,"href":"https:\/\/pbutronwinery.cl\/index.php\/wp-json\/wp\/v2\/pages\/202\/revisions\/3318"}],"wp:attachment":[{"href":"https:\/\/pbutronwinery.cl\/index.php\/wp-json\/wp\/v2\/media?parent=202"}],"curies":[{"name":"wp","href":"https:\/\/api.w.org\/{rel}","templated":true}]}}