{"id":1765,"date":"2025-06-01T18:43:53","date_gmt":"2025-06-01T14:43:53","guid":{"rendered":"https:\/\/pbutronwinery.cl\/butronqa\/?page_id=1765"},"modified":"2025-07-31T23:14:49","modified_gmt":"2025-07-31T19:14:49","slug":"ayelen-pinot-noir-varietal-line-2","status":"publish","type":"page","link":"https:\/\/pbutronwinery.cl\/index.php\/ayelen-pinot-noir-varietal-line-2\/","title":{"rendered":"Ayelen  Pinot Noir (Varietal Line)"},"content":{"rendered":"\t\t<div data-elementor-type=\"wp-page\" data-elementor-id=\"1765\" class=\"elementor elementor-1765\" data-elementor-post-type=\"page\">\n\t\t\t\t\t\t<section class=\"elementor-section elementor-top-section elementor-element elementor-element-8c7d1d6 elementor-section-boxed elementor-section-height-default elementor-section-height-default\" data-id=\"8c7d1d6\" data-element_type=\"section\" data-settings=\"{&quot;background_background&quot;:&quot;classic&quot;}\">\n\t\t\t\t\t\t<div class=\"elementor-container elementor-column-gap-default\">\n\t\t\t\t\t<div class=\"elementor-column elementor-col-50 elementor-top-column elementor-element elementor-element-2d573aff\" data-id=\"2d573aff\" data-element_type=\"column\">\n\t\t\t<div class=\"elementor-widget-wrap elementor-element-populated\">\n\t\t\t\t\t\t<div class=\"elementor-element elementor-element-4a46c637 elementor-widget elementor-widget-heading\" data-id=\"4a46c637\" data-element_type=\"widget\" data-widget_type=\"heading.default\">\n\t\t\t\t<div class=\"elementor-widget-container\">\n\t\t\t\t\t<h2 class=\"elementor-heading-title elementor-size-default\">Ayelen Varietal<\/h2>\t\t\t\t<\/div>\n\t\t\t\t<\/div>\n\t\t\t\t<div class=\"elementor-element elementor-element-18369180 elementor-widget elementor-widget-heading\" data-id=\"18369180\" data-element_type=\"widget\" data-widget_type=\"heading.default\">\n\t\t\t\t<div class=\"elementor-widget-container\">\n\t\t\t\t\t<h2 class=\"elementor-heading-title elementor-size-default\">Pinot Noir<\/h2>\t\t\t\t<\/div>\n\t\t\t\t<\/div>\n\t\t\t\t<div class=\"elementor-element elementor-element-8b25623 elementor-widget-divider--view-line elementor-invisible elementor-widget elementor-widget-divider\" data-id=\"8b25623\" data-element_type=\"widget\" data-settings=\"{&quot;_animation&quot;:&quot;fadeInUp&quot;}\" data-widget_type=\"divider.default\">\n\t\t\t\t<div class=\"elementor-widget-container\">\n\t\t\t\t\t\t\t<div class=\"elementor-divider\">\n\t\t\t<span class=\"elementor-divider-separator\">\n\t\t\t\t\t\t<\/span>\n\t\t<\/div>\n\t\t\t\t\t\t<\/div>\n\t\t\t\t<\/div>\n\t\t\t\t<div class=\"elementor-element elementor-element-5beeb686 elementor-widget elementor-widget-text-editor\" data-id=\"5beeb686\" data-element_type=\"widget\" data-widget_type=\"text-editor.default\">\n\t\t\t\t<div class=\"elementor-widget-container\">\n\t\t\t\t\t\t\t\t\t<p>Color rojo de buena intensidad, aroma expresivo de tonos florales, elegantes y delicados. En boca es suave y de buena acidez. Ideal para acompa\u00f1ar carnes blancas, quesos suaves y platos fr\u00edos.<br \/><br \/><\/p><ul><li><strong>Clima:\u00a0<\/strong>Mediterr\u00e1neo templado, estaciones marcadas, gran amplitud t\u00e9rmica entre el d\u00eda y la noche durante la \u00e9poca de maduraci\u00f3n<\/li><\/ul>\t\t\t\t\t\t\t\t<\/div>\n\t\t\t\t<\/div>\n\t\t\t\t<div class=\"elementor-element elementor-element-2ba56301 elementor-widget-divider--view-line elementor-widget elementor-widget-divider\" data-id=\"2ba56301\" data-element_type=\"widget\" data-widget_type=\"divider.default\">\n\t\t\t\t<div class=\"elementor-widget-container\">\n\t\t\t\t\t\t\t<div class=\"elementor-divider\">\n\t\t\t<span class=\"elementor-divider-separator\">\n\t\t\t\t\t\t<\/span>\n\t\t<\/div>\n\t\t\t\t\t\t<\/div>\n\t\t\t\t<\/div>\n\t\t\t\t<div class=\"elementor-element elementor-element-2933a61 elementor-widget elementor-widget-heading\" data-id=\"2933a61\" data-element_type=\"widget\" data-widget_type=\"heading.default\">\n\t\t\t\t<div class=\"elementor-widget-container\">\n\t\t\t\t\t<h2 class=\"elementor-heading-title elementor-size-default\">Sugrencia de servicio<\/h2>\t\t\t\t<\/div>\n\t\t\t\t<\/div>\n\t\t\t\t<div class=\"elementor-element elementor-element-17bd20e elementor-widget elementor-widget-text-editor\" data-id=\"17bd20e\" data-element_type=\"widget\" data-widget_type=\"text-editor.default\">\n\t\t\t\t<div class=\"elementor-widget-container\">\n\t\t\t\t\t\t\t\t\t<p>Servir a 18 0 C, para disfrutar sus caracteres frutales.<\/p>\t\t\t\t\t\t\t\t<\/div>\n\t\t\t\t<\/div>\n\t\t\t\t\t<\/div>\n\t\t<\/div>\n\t\t\t\t<div class=\"elementor-column elementor-col-50 elementor-top-column elementor-element elementor-element-b9254c1\" data-id=\"b9254c1\" data-element_type=\"column\">\n\t\t\t<div class=\"elementor-widget-wrap elementor-element-populated\">\n\t\t\t\t\t\t<div class=\"elementor-element elementor-element-42f0701 elementor-widget elementor-widget-image\" data-id=\"42f0701\" data-element_type=\"widget\" data-widget_type=\"image.default\">\n\t\t\t\t<div class=\"elementor-widget-container\">\n\t\t\t\t\t\t\t\t\t\t\t\t\t\t\t<img decoding=\"async\" width=\"140\" height=\"350\" src=\"https:\/\/pbutronwinery.cl\/butronqa\/wp-content\/uploads\/2025\/05\/Ayelen-Pinot-Noir-Varietal.jpg\" class=\"attachment-full size-full wp-image-436\" alt=\"L\u00ednea Ayel\u00e9n \/ Pinot Noir Varietal\" srcset=\"https:\/\/pbutronwinery.cl\/butronqa\/wp-content\/uploads\/2025\/05\/Ayelen-Pinot-Noir-Varietal.jpg 140w, https:\/\/pbutronwinery.cl\/butronqa\/wp-content\/uploads\/2025\/05\/Ayelen-Pinot-Noir-Varietal-120x300.jpg 120w\" sizes=\"(max-width: 140px) 100vw, 140px\" \/>\t\t\t\t\t\t\t\t\t\t\t\t\t\t\t<\/div>\n\t\t\t\t<\/div>\n\t\t\t\t\t<\/div>\n\t\t<\/div>\n\t\t\t\t\t<\/div>\n\t\t<\/section>\n\t\t\t\t<\/div>\n\t\t","protected":false},"excerpt":{"rendered":"<p>Ayelen Varietal Pinot Noir Color rojo de buena intensidad, aroma expresivo de tonos florales, elegantes y delicados. En boca es suave y de buena acidez. Ideal para acompa\u00f1ar carnes blancas, quesos suaves y platos fr\u00edos. Clima:\u00a0Mediterr\u00e1neo templado, estaciones marcadas, gran amplitud t\u00e9rmica entre el d\u00eda y la noche durante la \u00e9poca de maduraci\u00f3n Sugrencia de [&hellip;]<\/p>\n","protected":false},"author":2,"featured_media":0,"parent":0,"menu_order":0,"comment_status":"closed","ping_status":"closed","template":"","meta":{"footnotes":""},"class_list":["post-1765","page","type-page","status-publish","hentry"],"_links":{"self":[{"href":"https:\/\/pbutronwinery.cl\/index.php\/wp-json\/wp\/v2\/pages\/1765","targetHints":{"allow":["GET"]}}],"collection":[{"href":"https:\/\/pbutronwinery.cl\/index.php\/wp-json\/wp\/v2\/pages"}],"about":[{"href":"https:\/\/pbutronwinery.cl\/index.php\/wp-json\/wp\/v2\/types\/page"}],"author":[{"embeddable":true,"href":"https:\/\/pbutronwinery.cl\/index.php\/wp-json\/wp\/v2\/users\/2"}],"replies":[{"embeddable":true,"href":"https:\/\/pbutronwinery.cl\/index.php\/wp-json\/wp\/v2\/comments?post=1765"}],"version-history":[{"count":4,"href":"https:\/\/pbutronwinery.cl\/index.php\/wp-json\/wp\/v2\/pages\/1765\/revisions"}],"predecessor-version":[{"id":3236,"href":"https:\/\/pbutronwinery.cl\/index.php\/wp-json\/wp\/v2\/pages\/1765\/revisions\/3236"}],"wp:attachment":[{"href":"https:\/\/pbutronwinery.cl\/index.php\/wp-json\/wp\/v2\/media?parent=1765"}],"curies":[{"name":"wp","href":"https:\/\/api.w.org\/{rel}","templated":true}]}}