{"id":1738,"date":"2025-06-01T17:46:40","date_gmt":"2025-06-01T13:46:40","guid":{"rendered":"https:\/\/pbutronwinery.cl\/butronqa\/?page_id=1738"},"modified":"2025-07-31T23:50:49","modified_gmt":"2025-07-31T19:50:49","slug":"monarca-reserva-cabernet-sauvignon","status":"publish","type":"page","link":"https:\/\/pbutronwinery.cl\/index.php\/monarca-reserva-cabernet-sauvignon\/","title":{"rendered":"Monarca Reserva Cabernet Sauvignon"},"content":{"rendered":"\t\t<div data-elementor-type=\"wp-page\" data-elementor-id=\"1738\" class=\"elementor elementor-1738\" data-elementor-post-type=\"page\">\n\t\t\t\t\t\t<section class=\"elementor-section elementor-top-section elementor-element elementor-element-8c7d1d6 elementor-section-boxed elementor-section-height-default elementor-section-height-default\" data-id=\"8c7d1d6\" data-element_type=\"section\" data-settings=\"{&quot;background_background&quot;:&quot;classic&quot;}\">\n\t\t\t\t\t\t<div class=\"elementor-container elementor-column-gap-default\">\n\t\t\t\t\t<div class=\"elementor-column elementor-col-50 elementor-top-column elementor-element elementor-element-2d573aff\" data-id=\"2d573aff\" data-element_type=\"column\">\n\t\t\t<div class=\"elementor-widget-wrap elementor-element-populated\">\n\t\t\t\t\t\t<div class=\"elementor-element elementor-element-4a46c637 elementor-widget elementor-widget-heading\" data-id=\"4a46c637\" data-element_type=\"widget\" data-widget_type=\"heading.default\">\n\t\t\t\t<div class=\"elementor-widget-container\">\n\t\t\t\t\t<h2 class=\"elementor-heading-title elementor-size-default\">Monarca Reserva<\/h2>\t\t\t\t<\/div>\n\t\t\t\t<\/div>\n\t\t\t\t<div class=\"elementor-element elementor-element-18369180 elementor-widget elementor-widget-heading\" data-id=\"18369180\" data-element_type=\"widget\" data-widget_type=\"heading.default\">\n\t\t\t\t<div class=\"elementor-widget-container\">\n\t\t\t\t\t<h2 class=\"elementor-heading-title elementor-size-default\">Cabernet Sauvignon<\/h2>\t\t\t\t<\/div>\n\t\t\t\t<\/div>\n\t\t\t\t<div class=\"elementor-element elementor-element-8b25623 elementor-widget-divider--view-line elementor-invisible elementor-widget elementor-widget-divider\" data-id=\"8b25623\" data-element_type=\"widget\" data-settings=\"{&quot;_animation&quot;:&quot;fadeInUp&quot;}\" data-widget_type=\"divider.default\">\n\t\t\t\t<div class=\"elementor-widget-container\">\n\t\t\t\t\t\t\t<div class=\"elementor-divider\">\n\t\t\t<span class=\"elementor-divider-separator\">\n\t\t\t\t\t\t<\/span>\n\t\t<\/div>\n\t\t\t\t\t\t<\/div>\n\t\t\t\t<\/div>\n\t\t\t\t<div class=\"elementor-element elementor-element-5beeb686 elementor-widget elementor-widget-text-editor\" data-id=\"5beeb686\" data-element_type=\"widget\" data-widget_type=\"text-editor.default\">\n\t\t\t\t<div class=\"elementor-widget-container\">\n\t\t\t\t\t\t\t\t\t<p>Color rojo rub\u00ed intenso, brillante y joven. Nariz compleja, rico en notas de fruta roja, frutilla y frambuesa, notas de cassis y vainilla junto a notas de madera tostada. Concentrado, de textura sedosa, gran cuerpo, largo y persistente.<\/p><ul><li><strong>Cosecha:\u00a0<\/strong>\u00daltima Semana de Abril<\/li><li><strong>Origen:\u00a0<\/strong>Valle del Cachapoal &#8211; Rapel \/ Vi\u00f1edo Las Rosas<\/li><li><strong>Clima:\u00a0<\/strong>Mediterr\u00e1neo templado, estaciones marcadas, gran amplitud t\u00e9rmica entre el d\u00eda y la noche durante la \u00e9poca de maduraci\u00f3n.<\/li><\/ul>\t\t\t\t\t\t\t\t<\/div>\n\t\t\t\t<\/div>\n\t\t\t\t<div class=\"elementor-element elementor-element-2ba56301 elementor-widget-divider--view-line elementor-widget elementor-widget-divider\" data-id=\"2ba56301\" data-element_type=\"widget\" data-widget_type=\"divider.default\">\n\t\t\t\t<div class=\"elementor-widget-container\">\n\t\t\t\t\t\t\t<div class=\"elementor-divider\">\n\t\t\t<span class=\"elementor-divider-separator\">\n\t\t\t\t\t\t<\/span>\n\t\t<\/div>\n\t\t\t\t\t\t<\/div>\n\t\t\t\t<\/div>\n\t\t\t\t<div class=\"elementor-element elementor-element-2933a61 elementor-widget elementor-widget-heading\" data-id=\"2933a61\" data-element_type=\"widget\" data-widget_type=\"heading.default\">\n\t\t\t\t<div class=\"elementor-widget-container\">\n\t\t\t\t\t<h2 class=\"elementor-heading-title elementor-size-default\">Sugrencia de servicio<\/h2>\t\t\t\t<\/div>\n\t\t\t\t<\/div>\n\t\t\t\t<div class=\"elementor-element elementor-element-17bd20e elementor-widget elementor-widget-text-editor\" data-id=\"17bd20e\" data-element_type=\"widget\" data-widget_type=\"text-editor.default\">\n\t\t\t\t<div class=\"elementor-widget-container\">\n\t\t\t\t\t\t\t\t\t<p>Servir a 18 0 C, para disfrutar sus caracteres frutales abrir en lo primeros 4 a\u00f1os, puede incluso guardarse hasta 8 a\u00f1os.<\/p>\t\t\t\t\t\t\t\t<\/div>\n\t\t\t\t<\/div>\n\t\t\t\t<div class=\"elementor-element elementor-element-610ce1f1 elementor-align-left elementor-tablet-align-center elementor-widget elementor-widget-button\" data-id=\"610ce1f1\" data-element_type=\"widget\" data-widget_type=\"button.default\">\n\t\t\t\t<div class=\"elementor-widget-container\">\n\t\t\t\t\t\t\t\t\t<div class=\"elementor-button-wrapper\">\n\t\t\t\t\t<a class=\"elementor-button elementor-button-link elementor-size-sm\" href=\"https:\/\/pbutronwinery.cl\/butronqa\/wp-content\/uploads\/2025\/06\/2.pdf\" target=\"_blank\">\n\t\t\t\t\t\t<span class=\"elementor-button-content-wrapper\">\n\t\t\t\t\t\t\t\t\t<span class=\"elementor-button-text\">Ficha t\u00e9cnica<\/span>\n\t\t\t\t\t<\/span>\n\t\t\t\t\t<\/a>\n\t\t\t\t<\/div>\n\t\t\t\t\t\t\t\t<\/div>\n\t\t\t\t<\/div>\n\t\t\t\t\t<\/div>\n\t\t<\/div>\n\t\t\t\t<div class=\"elementor-column elementor-col-50 elementor-top-column elementor-element elementor-element-b9254c1\" data-id=\"b9254c1\" data-element_type=\"column\">\n\t\t\t<div class=\"elementor-widget-wrap elementor-element-populated\">\n\t\t\t\t\t\t<div class=\"elementor-element elementor-element-42f0701 elementor-widget elementor-widget-image\" data-id=\"42f0701\" data-element_type=\"widget\" data-widget_type=\"image.default\">\n\t\t\t\t<div class=\"elementor-widget-container\">\n\t\t\t\t\t\t\t\t\t\t\t\t\t\t\t<img decoding=\"async\" width=\"140\" height=\"350\" src=\"https:\/\/pbutronwinery.cl\/butronqa\/wp-content\/uploads\/2025\/05\/Monarca-Cabernet-Sauvignon-Reserva.jpg\" class=\"attachment-full size-full wp-image-415\" alt=\"L\u00ednea Monarca Cabernet Sauvignon Reserva\" srcset=\"https:\/\/pbutronwinery.cl\/butronqa\/wp-content\/uploads\/2025\/05\/Monarca-Cabernet-Sauvignon-Reserva.jpg 140w, https:\/\/pbutronwinery.cl\/butronqa\/wp-content\/uploads\/2025\/05\/Monarca-Cabernet-Sauvignon-Reserva-120x300.jpg 120w\" sizes=\"(max-width: 140px) 100vw, 140px\" \/>\t\t\t\t\t\t\t\t\t\t\t\t\t\t\t<\/div>\n\t\t\t\t<\/div>\n\t\t\t\t\t<\/div>\n\t\t<\/div>\n\t\t\t\t\t<\/div>\n\t\t<\/section>\n\t\t\t\t<\/div>\n\t\t","protected":false},"excerpt":{"rendered":"<p>Monarca Reserva Cabernet Sauvignon Color rojo rub\u00ed intenso, brillante y joven. Nariz compleja, rico en notas de fruta roja, frutilla y frambuesa, notas de cassis y vainilla junto a notas de madera tostada. Concentrado, de textura sedosa, gran cuerpo, largo y persistente. Cosecha:\u00a0\u00daltima Semana de Abril Origen:\u00a0Valle del Cachapoal &#8211; Rapel \/ Vi\u00f1edo Las Rosas [&hellip;]<\/p>\n","protected":false},"author":2,"featured_media":0,"parent":0,"menu_order":0,"comment_status":"closed","ping_status":"closed","template":"","meta":{"footnotes":""},"class_list":["post-1738","page","type-page","status-publish","hentry"],"_links":{"self":[{"href":"https:\/\/pbutronwinery.cl\/index.php\/wp-json\/wp\/v2\/pages\/1738","targetHints":{"allow":["GET"]}}],"collection":[{"href":"https:\/\/pbutronwinery.cl\/index.php\/wp-json\/wp\/v2\/pages"}],"about":[{"href":"https:\/\/pbutronwinery.cl\/index.php\/wp-json\/wp\/v2\/types\/page"}],"author":[{"embeddable":true,"href":"https:\/\/pbutronwinery.cl\/index.php\/wp-json\/wp\/v2\/users\/2"}],"replies":[{"embeddable":true,"href":"https:\/\/pbutronwinery.cl\/index.php\/wp-json\/wp\/v2\/comments?post=1738"}],"version-history":[{"count":7,"href":"https:\/\/pbutronwinery.cl\/index.php\/wp-json\/wp\/v2\/pages\/1738\/revisions"}],"predecessor-version":[{"id":3284,"href":"https:\/\/pbutronwinery.cl\/index.php\/wp-json\/wp\/v2\/pages\/1738\/revisions\/3284"}],"wp:attachment":[{"href":"https:\/\/pbutronwinery.cl\/index.php\/wp-json\/wp\/v2\/media?parent=1738"}],"curies":[{"name":"wp","href":"https:\/\/api.w.org\/{rel}","templated":true}]}}