{"id":1702,"date":"2025-06-01T06:01:32","date_gmt":"2025-06-01T02:01:32","guid":{"rendered":"https:\/\/pbutronwinery.cl\/butronqa\/?page_id=1702"},"modified":"2025-07-31T23:53:40","modified_gmt":"2025-07-31T19:53:40","slug":"monarca-varietal-cabernet-sauvignon","status":"publish","type":"page","link":"https:\/\/pbutronwinery.cl\/index.php\/monarca-varietal-cabernet-sauvignon\/","title":{"rendered":"Monarca Varietal Cabernet Sauvignon"},"content":{"rendered":"\t\t<div data-elementor-type=\"wp-page\" data-elementor-id=\"1702\" class=\"elementor elementor-1702\" data-elementor-post-type=\"page\">\n\t\t\t\t\t\t<section class=\"elementor-section elementor-top-section elementor-element elementor-element-8c7d1d6 elementor-section-boxed elementor-section-height-default elementor-section-height-default\" data-id=\"8c7d1d6\" data-element_type=\"section\" data-settings=\"{&quot;background_background&quot;:&quot;classic&quot;}\">\n\t\t\t\t\t\t<div class=\"elementor-container elementor-column-gap-default\">\n\t\t\t\t\t<div class=\"elementor-column elementor-col-50 elementor-top-column elementor-element elementor-element-2d573aff\" data-id=\"2d573aff\" data-element_type=\"column\">\n\t\t\t<div class=\"elementor-widget-wrap elementor-element-populated\">\n\t\t\t\t\t\t<div class=\"elementor-element elementor-element-4a46c637 elementor-widget elementor-widget-heading\" data-id=\"4a46c637\" data-element_type=\"widget\" data-widget_type=\"heading.default\">\n\t\t\t\t<div class=\"elementor-widget-container\">\n\t\t\t\t\t<h2 class=\"elementor-heading-title elementor-size-default\">Monarca Varietal<\/h2>\t\t\t\t<\/div>\n\t\t\t\t<\/div>\n\t\t\t\t<div class=\"elementor-element elementor-element-18369180 elementor-widget elementor-widget-heading\" data-id=\"18369180\" data-element_type=\"widget\" data-widget_type=\"heading.default\">\n\t\t\t\t<div class=\"elementor-widget-container\">\n\t\t\t\t\t<h2 class=\"elementor-heading-title elementor-size-default\">Cabernet Sauvignon <\/h2>\t\t\t\t<\/div>\n\t\t\t\t<\/div>\n\t\t\t\t<div class=\"elementor-element elementor-element-8b25623 elementor-widget-divider--view-line elementor-invisible elementor-widget elementor-widget-divider\" data-id=\"8b25623\" data-element_type=\"widget\" data-settings=\"{&quot;_animation&quot;:&quot;fadeInUp&quot;}\" data-widget_type=\"divider.default\">\n\t\t\t\t<div class=\"elementor-widget-container\">\n\t\t\t\t\t\t\t<div class=\"elementor-divider\">\n\t\t\t<span class=\"elementor-divider-separator\">\n\t\t\t\t\t\t<\/span>\n\t\t<\/div>\n\t\t\t\t\t\t<\/div>\n\t\t\t\t<\/div>\n\t\t\t\t<div class=\"elementor-element elementor-element-5beeb686 elementor-widget elementor-widget-text-editor\" data-id=\"5beeb686\" data-element_type=\"widget\" data-widget_type=\"text-editor.default\">\n\t\t\t\t<div class=\"elementor-widget-container\">\n\t\t\t\t\t\t\t\t\t<p>Color rojo rub\u00ed intenso, brillante y joven. Nariz compleja, rico en notas de fruta roja, frutilla y frambuesa, algunas notas de cassis. Suave, f\u00e1cil de beber, de cuerpo medio, largo y persistente.<\/p><ul><li><strong>Cosecha:\u00a0<\/strong>Segunda y tercera Semana de Abril.<\/li><li><strong>Origen:\u00a0<\/strong>Valle del Cachapoal, Rapel. Vi\u00f1edos Las Delicias, Loreto y Las Rosas<\/li><li><strong>Clima:\u00a0<\/strong>Mediterr\u00e1neo templado, estaciones marcadas, gran amplitud t\u00e9rmica entre el d\u00eda y la noche durante la \u00e9poca de maduraci\u00f3n.<\/li><\/ul>\t\t\t\t\t\t\t\t<\/div>\n\t\t\t\t<\/div>\n\t\t\t\t<div class=\"elementor-element elementor-element-2ba56301 elementor-widget-divider--view-line elementor-widget elementor-widget-divider\" data-id=\"2ba56301\" data-element_type=\"widget\" data-widget_type=\"divider.default\">\n\t\t\t\t<div class=\"elementor-widget-container\">\n\t\t\t\t\t\t\t<div class=\"elementor-divider\">\n\t\t\t<span class=\"elementor-divider-separator\">\n\t\t\t\t\t\t<\/span>\n\t\t<\/div>\n\t\t\t\t\t\t<\/div>\n\t\t\t\t<\/div>\n\t\t\t\t<div class=\"elementor-element elementor-element-2933a61 elementor-widget elementor-widget-heading\" data-id=\"2933a61\" data-element_type=\"widget\" data-widget_type=\"heading.default\">\n\t\t\t\t<div class=\"elementor-widget-container\">\n\t\t\t\t\t<h2 class=\"elementor-heading-title elementor-size-default\">Sugrencia de servicio<\/h2>\t\t\t\t<\/div>\n\t\t\t\t<\/div>\n\t\t\t\t<div class=\"elementor-element elementor-element-17bd20e elementor-widget elementor-widget-text-editor\" data-id=\"17bd20e\" data-element_type=\"widget\" data-widget_type=\"text-editor.default\">\n\t\t\t\t<div class=\"elementor-widget-container\">\n\t\t\t\t\t\t\t\t\t<p>Servir a 18\u00baC, para disfrutar sus caracteres frutales abrir en los primeros 2 a\u00f1os<\/p>\t\t\t\t\t\t\t\t<\/div>\n\t\t\t\t<\/div>\n\t\t\t\t<div class=\"elementor-element elementor-element-610ce1f1 elementor-align-left elementor-tablet-align-center elementor-widget elementor-widget-button\" data-id=\"610ce1f1\" data-element_type=\"widget\" data-widget_type=\"button.default\">\n\t\t\t\t<div class=\"elementor-widget-container\">\n\t\t\t\t\t\t\t\t\t<div class=\"elementor-button-wrapper\">\n\t\t\t\t\t<a class=\"elementor-button elementor-button-link elementor-size-sm\" href=\"https:\/\/pbutronwinery.cl\/butronqa\/wp-content\/uploads\/2025\/06\/3.pdf\" target=\"_blank\">\n\t\t\t\t\t\t<span class=\"elementor-button-content-wrapper\">\n\t\t\t\t\t\t\t\t\t<span class=\"elementor-button-text\">Ficha t\u00e9cnica<\/span>\n\t\t\t\t\t<\/span>\n\t\t\t\t\t<\/a>\n\t\t\t\t<\/div>\n\t\t\t\t\t\t\t\t<\/div>\n\t\t\t\t<\/div>\n\t\t\t\t\t<\/div>\n\t\t<\/div>\n\t\t\t\t<div class=\"elementor-column elementor-col-50 elementor-top-column elementor-element elementor-element-b9254c1\" data-id=\"b9254c1\" data-element_type=\"column\">\n\t\t\t<div class=\"elementor-widget-wrap elementor-element-populated\">\n\t\t\t\t\t\t<div class=\"elementor-element elementor-element-42f0701 elementor-widget elementor-widget-image\" data-id=\"42f0701\" data-element_type=\"widget\" data-widget_type=\"image.default\">\n\t\t\t\t<div class=\"elementor-widget-container\">\n\t\t\t\t\t\t\t\t\t\t\t\t\t\t\t<img decoding=\"async\" width=\"140\" height=\"350\" src=\"https:\/\/pbutronwinery.cl\/butronqa\/wp-content\/uploads\/2025\/05\/Monarca-Merlot-Varietal.jpg\" class=\"attachment-full size-full wp-image-419\" alt=\"L\u00ednea Monarca \/ Merlot Varietal\" srcset=\"https:\/\/pbutronwinery.cl\/butronqa\/wp-content\/uploads\/2025\/05\/Monarca-Merlot-Varietal.jpg 140w, https:\/\/pbutronwinery.cl\/butronqa\/wp-content\/uploads\/2025\/05\/Monarca-Merlot-Varietal-120x300.jpg 120w\" sizes=\"(max-width: 140px) 100vw, 140px\" \/>\t\t\t\t\t\t\t\t\t\t\t\t\t\t\t<\/div>\n\t\t\t\t<\/div>\n\t\t\t\t\t<\/div>\n\t\t<\/div>\n\t\t\t\t\t<\/div>\n\t\t<\/section>\n\t\t\t\t<\/div>\n\t\t","protected":false},"excerpt":{"rendered":"<p>Monarca Varietal Cabernet Sauvignon Color rojo rub\u00ed intenso, brillante y joven. Nariz compleja, rico en notas de fruta roja, frutilla y frambuesa, algunas notas de cassis. Suave, f\u00e1cil de beber, de cuerpo medio, largo y persistente. Cosecha:\u00a0Segunda y tercera Semana de Abril. Origen:\u00a0Valle del Cachapoal, Rapel. Vi\u00f1edos Las Delicias, Loreto y Las Rosas Clima:\u00a0Mediterr\u00e1neo templado, [&hellip;]<\/p>\n","protected":false},"author":2,"featured_media":0,"parent":0,"menu_order":0,"comment_status":"closed","ping_status":"closed","template":"","meta":{"footnotes":""},"class_list":["post-1702","page","type-page","status-publish","hentry"],"_links":{"self":[{"href":"https:\/\/pbutronwinery.cl\/index.php\/wp-json\/wp\/v2\/pages\/1702","targetHints":{"allow":["GET"]}}],"collection":[{"href":"https:\/\/pbutronwinery.cl\/index.php\/wp-json\/wp\/v2\/pages"}],"about":[{"href":"https:\/\/pbutronwinery.cl\/index.php\/wp-json\/wp\/v2\/types\/page"}],"author":[{"embeddable":true,"href":"https:\/\/pbutronwinery.cl\/index.php\/wp-json\/wp\/v2\/users\/2"}],"replies":[{"embeddable":true,"href":"https:\/\/pbutronwinery.cl\/index.php\/wp-json\/wp\/v2\/comments?post=1702"}],"version-history":[{"count":4,"href":"https:\/\/pbutronwinery.cl\/index.php\/wp-json\/wp\/v2\/pages\/1702\/revisions"}],"predecessor-version":[{"id":3290,"href":"https:\/\/pbutronwinery.cl\/index.php\/wp-json\/wp\/v2\/pages\/1702\/revisions\/3290"}],"wp:attachment":[{"href":"https:\/\/pbutronwinery.cl\/index.php\/wp-json\/wp\/v2\/media?parent=1702"}],"curies":[{"name":"wp","href":"https:\/\/api.w.org\/{rel}","templated":true}]}}